{"id":186,"date":"2021-09-24T13:02:28","date_gmt":"2021-09-24T11:02:28","guid":{"rendered":"https:\/\/campus.agilizer-academy.com\/?page_id=186"},"modified":"2024-04-06T15:52:18","modified_gmt":"2024-04-06T13:52:18","slug":"impressum","status":"publish","type":"page","link":"https:\/\/campus.agilizer-academy.com\/de\/impressum\/","title":{"rendered":"Impressum"},"content":{"rendered":"<div class=\"wp-block-image\">\n<figure class=\"alignright size-full is-resized\"><img fetchpriority=\"high\" decoding=\"async\" width=\"590\" height=\"175\" src=\"https:\/\/campus.agilizer-academy.com\/wp-content\/uploads\/2021\/09\/AgilizerAcademy_mitSchriftzug_width590.png\" alt=\"\" class=\"wp-image-187\" style=\"width:443px;height:131px\" srcset=\"https:\/\/campus.agilizer-academy.com\/wp-content\/uploads\/2021\/09\/AgilizerAcademy_mitSchriftzug_width590.png 590w, https:\/\/campus.agilizer-academy.com\/wp-content\/uploads\/2021\/09\/AgilizerAcademy_mitSchriftzug_width590-300x89.png 300w, https:\/\/campus.agilizer-academy.com\/wp-content\/uploads\/2021\/09\/AgilizerAcademy_mitSchriftzug_width590-50x15.png 50w, https:\/\/campus.agilizer-academy.com\/wp-content\/uploads\/2021\/09\/AgilizerAcademy_mitSchriftzug_width590-100x30.png 100w\" sizes=\"(max-width: 590px) 100vw, 590px\" \/><\/figure>\n<\/div>\n\n\n<h3 class=\"wp-block-heading\" id=\"h-impressum-nach-5-telemediengesetz\"><strong>Impressum nach \u00a75 Telemediengesetz<\/strong><\/h3>\n\n\n\n<p class=\"has-text-color has-small-font-size\" style=\"color:#6a6d71\">Agilizer\u00a9 ist eine eingetragene Marke.<\/p>\n\n\n\n<p class=\"has-text-color has-small-font-size\" style=\"color:#6a6d71\">Der Anbieter dieser Website ist:<\/p>\n\n\n\n<p class=\"has-text-color has-small-font-size\" style=\"color:#6a6d71\">Agilizer Academy GmbH<br>Gesch\u00e4ftsf\u00fchrung: Finn Thieme<strong><\/strong><\/p>\n\n\n\n<p class=\"has-text-color has-small-font-size\" style=\"color:#6a6d71\">Unter den Linden 10<br>10117 Berlin<\/p>\n\n\n\n<p class=\"has-text-color has-small-font-size\" style=\"color:#6a6d71\">Telefonkontakt: +49 40 30239760<\/p>\n\n\n\n<p class=\"has-text-color has-small-font-size\" style=\"color:#6a6d71\">mail@agilizer.de<\/p>\n\n\n\n<p class=\"has-text-color has-small-font-size\" style=\"color:#6a6d71\">Handelsregister: HRB215024B<br>USt-IdNr.: DE329424869<\/p>\n\n\n\n<p class=\"has-text-color has-small-font-size\" style=\"color:#6a6d71\">Verantwortlich: Finn Thieme<br>+49 (0)175 43 28 763 mail[at]agilizer-academy.com<br>Webpage: agilizer-academy.com, agile-innovation-coach.com, agilizer-coach.de<\/p>\n\n\n\n<p class=\"has-text-color has-small-font-size\" style=\"color:#6a6d71\">Design customizedWeb: Incubator WordPress (Theme Academia)<\/p>\n\n\n\n<p><br><\/p>\n\n\n\n<h3 class=\"wp-block-heading\" id=\"h-copyright-bildmaterial\"><strong>Copyright Bildmaterial<\/strong><\/h3>\n\n\n\n<p class=\"has-black-color has-text-color has-small-font-size\"><strong>Home<\/strong><br>\u00a9Academia<br>\u00a9Pixabay<br>\u00a9Agilizer<br>\u00a9New Work Solutions<br>\u00a9unsplash.com<\/p>\n\n\n\n<p class=\"has-small-font-size\"><strong>Trainer\/Partner<\/strong><br>\u00a9Mario Br\u00fcckner, \u00a9Thimm Spitzer, \u00a9Stefan Gertz, \u00a9Johannes Harpeng, \u00a9Kerstin Orben, \u00a9Claudia Sura-Eikhoff, \u00a9Christian Wegener, \u00a9Christa Graf, \u00a9Tim Bakx, \u00a9Finn Thieme<\/p>\n\n\n\n<p class=\"has-small-font-size\">\u00a92corn, \u00a9Scaled Agile, Inc.<\/p>\n\n\n\n<p class=\"has-small-font-size\">\u00a9Management 3.0, \u00a9Less, \u00a9Scaled Agile, Inc., \u00a9Scrum.org<\/p>\n\n\n\n<p class=\"has-small-font-size\"><strong>Kurse\/Trainings<\/strong><br>\u00a9Academia<br>\u00a92corn<br>\u00a9Scaled Agile, Inc.<br>\u00a9Pixabay<br>\u00a9Nordeck<br>\u00a9New Work Solutions<br>\u00a9unsplash.com<br>\u00a9freepikcompany.com<\/p>\n\n\n\n<p class=\"has-small-font-size\"><strong>Fragen &amp; Antworten<\/strong><br>\u00a9Academia<\/p>\n\n\n\n<p class=\"has-small-font-size\"><strong>Shop &amp; Konto &amp; Warenkorb &amp; Kasse<\/strong><br>\u00a9unsplash.com<br>\u00a9Academia<\/p>\n\n\n\n<p class=\"has-small-font-size\"><strong>Videos<\/strong><br>\u00a9New Work Solutions, \u00a9Agilizer Academy<\/p>\n\n\n\n<p><br><\/p>\n\n\n\n<h3 class=\"wp-block-heading\" id=\"h-allgemeines\"><strong>Allgemeines<\/strong><\/h3>\n\n\n\n<p class=\"has-small-font-size\">Der Inhalt dieser Website in Text, Bildern und Graphic Design ist gesch\u00fctzt durch Copyright. Ohne schriftliche Genehmigung darf kein Material weder f\u00fcr kommerzielle noch f\u00fcr nichtkommerzielle Zwecke benutzt, verkauft oder ge\u00e4ndert werden. Wir sind nicht verantwortlich f\u00fcr den Inhalt externer Links.<\/p>\n","protected":false},"excerpt":{"rendered":"<p>Impressum nach \u00a75 Telemediengesetz Agilizer\u00a9 ist eine eingetragene Marke. Der Anbieter dieser Website ist: Agilizer Academy GmbHGesch\u00e4ftsf\u00fchrung: Finn Thieme Unter den Linden 1010117 Berlin Telefonkontakt: +49 40 30239760 mail@agilizer.de Handelsregister: HRB215024BUSt-IdNr.: DE329424869 Verantwortlich: Finn Thieme+49 (0)175 43 28 763 mail[at]agilizer-academy.comWebpage: agilizer-academy.com, agile-innovation-coach.com, agilizer-coach.de Design customizedWeb: Incubator WordPress (Theme Academia) Copyright Bildmaterial Home\u00a9Academia\u00a9Pixabay\u00a9Agilizer\u00a9New Work Solutions\u00a9unsplash.com Trainer\/Partner\u00a9Mario [&hellip;]<\/p>\n","protected":false},"author":2,"featured_media":0,"parent":0,"menu_order":0,"comment_status":"closed","ping_status":"closed","template":"","meta":{"footnotes":""},"class_list":["post-186","page","type-page","status-publish","hentry"],"post_excerpt_skillate_core":"","skillate_core_image_urls":{"full":"","portrait":"","portraitab":"","thumbnail":""},"yoast_head":"<!-- This site is optimized with the Yoast SEO Premium plugin v19.6 (Yoast SEO v27.4) - https:\/\/yoast.com\/product\/yoast-seo-premium-wordpress\/ -->\n<title>Impressum - Agilizer Academy Campus<\/title>\n<meta name=\"robots\" content=\"index, follow, max-snippet:-1, max-image-preview:large, max-video-preview:-1\" \/>\n<link rel=\"canonical\" href=\"https:\/\/campus.agilizer-academy.com\/de\/impressum\/\" \/>\n<meta property=\"og:locale\" content=\"de_DE\" \/>\n<meta property=\"og:type\" content=\"article\" \/>\n<meta property=\"og:title\" content=\"Impressum\" \/>\n<meta property=\"og:description\" content=\"Impressum nach \u00a75 Telemediengesetz Agilizer\u00a9 ist eine eingetragene Marke. Der Anbieter dieser Website ist: Agilizer Academy GmbHGesch\u00e4ftsf\u00fchrung: Finn Thieme Unter den Linden 1010117 Berlin Telefonkontakt: +49 40 30239760 mail@agilizer.de Handelsregister: HRB215024BUSt-IdNr.: DE329424869 Verantwortlich: Finn Thieme+49 (0)175 43 28 763 mail[at]agilizer-academy.comWebpage: agilizer-academy.com, agile-innovation-coach.com, agilizer-coach.de Design customizedWeb: Incubator WordPress (Theme Academia) Copyright Bildmaterial Home\u00a9Academia\u00a9Pixabay\u00a9Agilizer\u00a9New Work Solutions\u00a9unsplash.com Trainer\/Partner\u00a9Mario [&hellip;]\" \/>\n<meta property=\"og:url\" content=\"https:\/\/campus.agilizer-academy.com\/de\/impressum\/\" \/>\n<meta property=\"og:site_name\" content=\"Agilizer Academy Campus\" \/>\n<meta property=\"article:publisher\" content=\"https:\/\/www.facebook.com\/agilizeracademy\" \/>\n<meta property=\"article:modified_time\" content=\"2024-04-06T13:52:18+00:00\" \/>\n<meta property=\"og:image\" content=\"https:\/\/campus.agilizer-academy.com\/wp-content\/uploads\/2021\/09\/AgilizerAcademy_mitSchriftzug_width590.png\" \/>\n<meta name=\"twitter:card\" content=\"summary_large_image\" \/>\n<meta name=\"twitter:label1\" content=\"Gesch\u00e4tzte Lesezeit\" \/>\n\t<meta name=\"twitter:data1\" content=\"1\u00a0Minute\" \/>\n<script type=\"application\/ld+json\" class=\"yoast-schema-graph\">{\"@context\":\"https:\\\/\\\/schema.org\",\"@graph\":[{\"@type\":\"WebPage\",\"@id\":\"https:\\\/\\\/campus.agilizer-academy.com\\\/de\\\/impressum\\\/\",\"url\":\"https:\\\/\\\/campus.agilizer-academy.com\\\/de\\\/impressum\\\/\",\"name\":\"Impressum - Agilizer Academy Campus\",\"isPartOf\":{\"@id\":\"https:\\\/\\\/campus.agilizer-academy.com\\\/de\\\/#website\"},\"primaryImageOfPage\":{\"@id\":\"https:\\\/\\\/campus.agilizer-academy.com\\\/de\\\/impressum\\\/#primaryimage\"},\"image\":{\"@id\":\"https:\\\/\\\/campus.agilizer-academy.com\\\/de\\\/impressum\\\/#primaryimage\"},\"thumbnailUrl\":\"https:\\\/\\\/campus.agilizer-academy.com\\\/wp-content\\\/uploads\\\/2021\\\/09\\\/AgilizerAcademy_mitSchriftzug_width590.png\",\"datePublished\":\"2021-09-24T11:02:28+00:00\",\"dateModified\":\"2024-04-06T13:52:18+00:00\",\"breadcrumb\":{\"@id\":\"https:\\\/\\\/campus.agilizer-academy.com\\\/de\\\/impressum\\\/#breadcrumb\"},\"inLanguage\":\"de\",\"potentialAction\":[{\"@type\":\"ReadAction\",\"target\":[\"https:\\\/\\\/campus.agilizer-academy.com\\\/de\\\/impressum\\\/\"]}]},{\"@type\":\"ImageObject\",\"inLanguage\":\"de\",\"@id\":\"https:\\\/\\\/campus.agilizer-academy.com\\\/de\\\/impressum\\\/#primaryimage\",\"url\":\"https:\\\/\\\/campus.agilizer-academy.com\\\/wp-content\\\/uploads\\\/2021\\\/09\\\/AgilizerAcademy_mitSchriftzug_width590.png\",\"contentUrl\":\"https:\\\/\\\/campus.agilizer-academy.com\\\/wp-content\\\/uploads\\\/2021\\\/09\\\/AgilizerAcademy_mitSchriftzug_width590.png\"},{\"@type\":\"BreadcrumbList\",\"@id\":\"https:\\\/\\\/campus.agilizer-academy.com\\\/de\\\/impressum\\\/#breadcrumb\",\"itemListElement\":[{\"@type\":\"ListItem\",\"position\":1,\"name\":\"Home\",\"item\":\"https:\\\/\\\/campus.agilizer-academy.com\\\/de\\\/\"},{\"@type\":\"ListItem\",\"position\":2,\"name\":\"Impressum\"}]},{\"@type\":\"WebSite\",\"@id\":\"https:\\\/\\\/campus.agilizer-academy.com\\\/de\\\/#website\",\"url\":\"https:\\\/\\\/campus.agilizer-academy.com\\\/de\\\/\",\"name\":\"Agilizer Academy Campus\",\"description\":\"Agilizer\u00ae Self Learning Journeys\",\"publisher\":{\"@id\":\"https:\\\/\\\/campus.agilizer-academy.com\\\/de\\\/#organization\"},\"potentialAction\":[{\"@type\":\"SearchAction\",\"target\":{\"@type\":\"EntryPoint\",\"urlTemplate\":\"https:\\\/\\\/campus.agilizer-academy.com\\\/de\\\/?s={search_term_string}\"},\"query-input\":{\"@type\":\"PropertyValueSpecification\",\"valueRequired\":true,\"valueName\":\"search_term_string\"}}],\"inLanguage\":\"de\"},{\"@type\":\"Organization\",\"@id\":\"https:\\\/\\\/campus.agilizer-academy.com\\\/de\\\/#organization\",\"name\":\"Agilizer Academy Campus\",\"url\":\"https:\\\/\\\/campus.agilizer-academy.com\\\/de\\\/\",\"logo\":{\"@type\":\"ImageObject\",\"inLanguage\":\"de\",\"@id\":\"https:\\\/\\\/campus.agilizer-academy.com\\\/de\\\/#\\\/schema\\\/logo\\\/image\\\/\",\"url\":\"https:\\\/\\\/campus.agilizer-academy.com\\\/wp-content\\\/uploads\\\/2021\\\/09\\\/Logo_Agilizer-Academy-1.jpeg\",\"contentUrl\":\"https:\\\/\\\/campus.agilizer-academy.com\\\/wp-content\\\/uploads\\\/2021\\\/09\\\/Logo_Agilizer-Academy-1.jpeg\",\"width\":2260,\"height\":672,\"caption\":\"Agilizer Academy Campus\"},\"image\":{\"@id\":\"https:\\\/\\\/campus.agilizer-academy.com\\\/de\\\/#\\\/schema\\\/logo\\\/image\\\/\"},\"sameAs\":[\"https:\\\/\\\/www.facebook.com\\\/agilizeracademy\",\"https:\\\/\\\/www.instagram.com\\\/agilizer_academy\\\/\",\"https:\\\/\\\/www.linkedin.com\\\/company\\\/agilizer-academy\"]}]}<\/script>\n<!-- \/ Yoast SEO Premium plugin. -->","yoast_head_json":{"title":"Impressum - Agilizer Academy Campus","robots":{"index":"index","follow":"follow","max-snippet":"max-snippet:-1","max-image-preview":"max-image-preview:large","max-video-preview":"max-video-preview:-1"},"canonical":"https:\/\/campus.agilizer-academy.com\/de\/impressum\/","og_locale":"de_DE","og_type":"article","og_title":"Impressum","og_description":"Impressum nach \u00a75 Telemediengesetz Agilizer\u00a9 ist eine eingetragene Marke. Der Anbieter dieser Website ist: Agilizer Academy GmbHGesch\u00e4ftsf\u00fchrung: Finn Thieme Unter den Linden 1010117 Berlin Telefonkontakt: +49 40 30239760 mail@agilizer.de Handelsregister: HRB215024BUSt-IdNr.: DE329424869 Verantwortlich: Finn Thieme+49 (0)175 43 28 763 mail[at]agilizer-academy.comWebpage: agilizer-academy.com, agile-innovation-coach.com, agilizer-coach.de Design customizedWeb: Incubator WordPress (Theme Academia) Copyright Bildmaterial Home\u00a9Academia\u00a9Pixabay\u00a9Agilizer\u00a9New Work Solutions\u00a9unsplash.com Trainer\/Partner\u00a9Mario [&hellip;]","og_url":"https:\/\/campus.agilizer-academy.com\/de\/impressum\/","og_site_name":"Agilizer Academy Campus","article_publisher":"https:\/\/www.facebook.com\/agilizeracademy","article_modified_time":"2024-04-06T13:52:18+00:00","og_image":[{"url":"https:\/\/campus.agilizer-academy.com\/wp-content\/uploads\/2021\/09\/AgilizerAcademy_mitSchriftzug_width590.png","type":"","width":"","height":""}],"twitter_card":"summary_large_image","twitter_misc":{"Gesch\u00e4tzte Lesezeit":"1\u00a0Minute"},"schema":{"@context":"https:\/\/schema.org","@graph":[{"@type":"WebPage","@id":"https:\/\/campus.agilizer-academy.com\/de\/impressum\/","url":"https:\/\/campus.agilizer-academy.com\/de\/impressum\/","name":"Impressum - Agilizer Academy Campus","isPartOf":{"@id":"https:\/\/campus.agilizer-academy.com\/de\/#website"},"primaryImageOfPage":{"@id":"https:\/\/campus.agilizer-academy.com\/de\/impressum\/#primaryimage"},"image":{"@id":"https:\/\/campus.agilizer-academy.com\/de\/impressum\/#primaryimage"},"thumbnailUrl":"https:\/\/campus.agilizer-academy.com\/wp-content\/uploads\/2021\/09\/AgilizerAcademy_mitSchriftzug_width590.png","datePublished":"2021-09-24T11:02:28+00:00","dateModified":"2024-04-06T13:52:18+00:00","breadcrumb":{"@id":"https:\/\/campus.agilizer-academy.com\/de\/impressum\/#breadcrumb"},"inLanguage":"de","potentialAction":[{"@type":"ReadAction","target":["https:\/\/campus.agilizer-academy.com\/de\/impressum\/"]}]},{"@type":"ImageObject","inLanguage":"de","@id":"https:\/\/campus.agilizer-academy.com\/de\/impressum\/#primaryimage","url":"https:\/\/campus.agilizer-academy.com\/wp-content\/uploads\/2021\/09\/AgilizerAcademy_mitSchriftzug_width590.png","contentUrl":"https:\/\/campus.agilizer-academy.com\/wp-content\/uploads\/2021\/09\/AgilizerAcademy_mitSchriftzug_width590.png"},{"@type":"BreadcrumbList","@id":"https:\/\/campus.agilizer-academy.com\/de\/impressum\/#breadcrumb","itemListElement":[{"@type":"ListItem","position":1,"name":"Home","item":"https:\/\/campus.agilizer-academy.com\/de\/"},{"@type":"ListItem","position":2,"name":"Impressum"}]},{"@type":"WebSite","@id":"https:\/\/campus.agilizer-academy.com\/de\/#website","url":"https:\/\/campus.agilizer-academy.com\/de\/","name":"Agilizer Academy Campus","description":"Agilizer\u00ae Self Learning Journeys","publisher":{"@id":"https:\/\/campus.agilizer-academy.com\/de\/#organization"},"potentialAction":[{"@type":"SearchAction","target":{"@type":"EntryPoint","urlTemplate":"https:\/\/campus.agilizer-academy.com\/de\/?s={search_term_string}"},"query-input":{"@type":"PropertyValueSpecification","valueRequired":true,"valueName":"search_term_string"}}],"inLanguage":"de"},{"@type":"Organization","@id":"https:\/\/campus.agilizer-academy.com\/de\/#organization","name":"Agilizer Academy Campus","url":"https:\/\/campus.agilizer-academy.com\/de\/","logo":{"@type":"ImageObject","inLanguage":"de","@id":"https:\/\/campus.agilizer-academy.com\/de\/#\/schema\/logo\/image\/","url":"https:\/\/campus.agilizer-academy.com\/wp-content\/uploads\/2021\/09\/Logo_Agilizer-Academy-1.jpeg","contentUrl":"https:\/\/campus.agilizer-academy.com\/wp-content\/uploads\/2021\/09\/Logo_Agilizer-Academy-1.jpeg","width":2260,"height":672,"caption":"Agilizer Academy Campus"},"image":{"@id":"https:\/\/campus.agilizer-academy.com\/de\/#\/schema\/logo\/image\/"},"sameAs":["https:\/\/www.facebook.com\/agilizeracademy","https:\/\/www.instagram.com\/agilizer_academy\/","https:\/\/www.linkedin.com\/company\/agilizer-academy"]}]}},"_links":{"self":[{"href":"https:\/\/campus.agilizer-academy.com\/de\/wp-json\/wp\/v2\/pages\/186","targetHints":{"allow":["GET"]}}],"collection":[{"href":"https:\/\/campus.agilizer-academy.com\/de\/wp-json\/wp\/v2\/pages"}],"about":[{"href":"https:\/\/campus.agilizer-academy.com\/de\/wp-json\/wp\/v2\/types\/page"}],"author":[{"embeddable":true,"href":"https:\/\/campus.agilizer-academy.com\/de\/wp-json\/wp\/v2\/users\/2"}],"replies":[{"embeddable":true,"href":"https:\/\/campus.agilizer-academy.com\/de\/wp-json\/wp\/v2\/comments?post=186"}],"version-history":[{"count":21,"href":"https:\/\/campus.agilizer-academy.com\/de\/wp-json\/wp\/v2\/pages\/186\/revisions"}],"predecessor-version":[{"id":3334,"href":"https:\/\/campus.agilizer-academy.com\/de\/wp-json\/wp\/v2\/pages\/186\/revisions\/3334"}],"wp:attachment":[{"href":"https:\/\/campus.agilizer-academy.com\/de\/wp-json\/wp\/v2\/media?parent=186"}],"curies":[{"name":"wp","href":"https:\/\/api.w.org\/{rel}","templated":true}]}}